{"id":24,"date":"2024-11-10T21:55:16","date_gmt":"2024-11-10T20:55:16","guid":{"rendered":"https:\/\/mariarigout.com\/?page_id=24"},"modified":"2025-12-21T19:54:03","modified_gmt":"2025-12-21T18:54:03","slug":"bientot-disponible","status":"publish","type":"page","link":"https:\/\/mariarigout.com\/","title":{"rendered":"Accueil"},"content":{"rendered":"\n<h2 class=\"wp-block-heading has-text-align-center\">Frais de port offerts avec Mondial Relay<\/h2>\n\n\n\n<div class=\"wp-block-buttons is-content-justification-center is-layout-flex wp-container-core-buttons-is-layout-16018d1d wp-block-buttons-is-layout-flex\">\n<div class=\"wp-block-button\"><a class=\"wp-block-button__link has-text-align-center wp-element-button\" href=\"https:\/\/mariarigout.sumupstore.com\/produits\"><strong><mark style=\"background-color:rgba(0, 0, 0, 0)\" class=\"has-inline-color has-white-color\">Acc\u00e9der \u00e0 la Boutique en ligne<\/mark><\/strong><\/a><\/div>\n<\/div>\n\n\n\n<p class=\"has-vivid-red-color has-text-color has-background has-link-color\" style=\"background-color:#fff9e9;font-size:26px;line-height:1.2;\">Les mots doux du Seigneur pour toi<\/p>\n\n\n\n<div class=\"wp-block-media-text is-stacked-on-mobile has-background\" style=\"background-color:#fff9e9\"><figure class=\"wp-block-media-text__media\"><img loading=\"lazy\" decoding=\"async\" width=\"500\" height=\"500\" src=\"https:\/\/mariarigout.com\/wp-content\/uploads\/2024\/11\/photo_couverture2.png\" alt=\"\" class=\"wp-image-102 size-full\" srcset=\"https:\/\/mariarigout.com\/wp-content\/uploads\/2024\/11\/photo_couverture2.png 500w, https:\/\/mariarigout.com\/wp-content\/uploads\/2024\/11\/photo_couverture2-300x300.png 300w, https:\/\/mariarigout.com\/wp-content\/uploads\/2024\/11\/photo_couverture2-150x150.png 150w, https:\/\/mariarigout.com\/wp-content\/uploads\/2024\/11\/photo_couverture2-70x70.png 70w\" sizes=\"auto, (max-width: 500px) 100vw, 500px\" \/><\/figure><div class=\"wp-block-media-text__content\">\n<p>\u201cLes mots doux du Seigneur pour toi\u201d est un livre destin\u00e9 aux femmes. Chaque lectrice est invit\u00e9e \u00e0 d\u00e9couvrir, ou red\u00e9couvrir la tendresse et la douceur de Dieu, \u00e0 travers une s\u00e9lection de passages bibliques.<\/p>\n\n\n\n<p>Chaque passage est accompagn\u00e9 d\u2019une pri\u00e8re, pour guider la lectrice dans un moment de pri\u00e8re personnelle, moment privil\u00e9gi\u00e9 pour exp\u00e9rimenter la pr\u00e9sence et l\u2019amour de Dieu.<\/p>\n\n\n\n<p>De plus, chaque passage est illustr\u00e9 par une vid\u00e9o accessible via un QR code, apportant une dimension visuelle et auditive \u00e0 la lecture.<\/p>\n\n\n\n<div class=\"wp-block-buttons is-content-justification-center is-layout-flex wp-container-core-buttons-is-layout-16018d1d wp-block-buttons-is-layout-flex\">\n<div class=\"wp-block-button\"><a class=\"wp-block-button__link has-white-color has-text-color has-link-color wp-element-button\" href=\"https:\/\/mariarigout.sumupstore.com\/product\/les-mots-doux-du-seigneur-pour-toi\">Commander<\/a><\/div>\n<\/div>\n<\/div><\/div>\n\n\n\n<div class=\"wp-block-columns is-layout-flex wp-container-core-columns-is-layout-9d6595d7 wp-block-columns-is-layout-flex\">\n<div class=\"wp-block-column is-layout-flow wp-block-column-is-layout-flow\">\n<figure class=\"wp-block-image size-large\"><img loading=\"lazy\" decoding=\"async\" width=\"1024\" height=\"1024\" src=\"https:\/\/mariarigout.com\/wp-content\/uploads\/2025\/11\/FleuriLes-mots-doux-du-Seigneur-pour-toi-2-1-1024x1024.jpg\" alt=\"\" class=\"wp-image-236\" srcset=\"https:\/\/mariarigout.com\/wp-content\/uploads\/2025\/11\/FleuriLes-mots-doux-du-Seigneur-pour-toi-2-1-1024x1024.jpg 1024w, https:\/\/mariarigout.com\/wp-content\/uploads\/2025\/11\/FleuriLes-mots-doux-du-Seigneur-pour-toi-2-1-300x300.jpg 300w, https:\/\/mariarigout.com\/wp-content\/uploads\/2025\/11\/FleuriLes-mots-doux-du-Seigneur-pour-toi-2-1-150x150.jpg 150w, https:\/\/mariarigout.com\/wp-content\/uploads\/2025\/11\/FleuriLes-mots-doux-du-Seigneur-pour-toi-2-1-768x768.jpg 768w, https:\/\/mariarigout.com\/wp-content\/uploads\/2025\/11\/FleuriLes-mots-doux-du-Seigneur-pour-toi-2-1-1536x1536.jpg 1536w, https:\/\/mariarigout.com\/wp-content\/uploads\/2025\/11\/FleuriLes-mots-doux-du-Seigneur-pour-toi-2-1-70x70.jpg 70w, https:\/\/mariarigout.com\/wp-content\/uploads\/2025\/11\/FleuriLes-mots-doux-du-Seigneur-pour-toi-2-1.jpg 1772w\" sizes=\"auto, (max-width: 1024px) 100vw, 1024px\" \/><\/figure>\n<\/div>\n\n\n\n<div class=\"wp-block-column is-layout-flow wp-block-column-is-layout-flow\">\n<figure class=\"wp-block-image size-large\"><img loading=\"lazy\" decoding=\"async\" width=\"1024\" height=\"1024\" src=\"https:\/\/mariarigout.com\/wp-content\/uploads\/2025\/11\/Interieur-seul-1-1024x1024.jpg\" alt=\"\" class=\"wp-image-237\" srcset=\"https:\/\/mariarigout.com\/wp-content\/uploads\/2025\/11\/Interieur-seul-1-1024x1024.jpg 1024w, https:\/\/mariarigout.com\/wp-content\/uploads\/2025\/11\/Interieur-seul-1-300x300.jpg 300w, https:\/\/mariarigout.com\/wp-content\/uploads\/2025\/11\/Interieur-seul-1-150x150.jpg 150w, https:\/\/mariarigout.com\/wp-content\/uploads\/2025\/11\/Interieur-seul-1-768x768.jpg 768w, https:\/\/mariarigout.com\/wp-content\/uploads\/2025\/11\/Interieur-seul-1-1536x1536.jpg 1536w, https:\/\/mariarigout.com\/wp-content\/uploads\/2025\/11\/Interieur-seul-1-70x70.jpg 70w, https:\/\/mariarigout.com\/wp-content\/uploads\/2025\/11\/Interieur-seul-1.jpg 1772w\" sizes=\"auto, (max-width: 1024px) 100vw, 1024px\" \/><\/figure>\n<\/div>\n<\/div>\n\n\n\n<div class=\"wp-block-columns is-layout-flex wp-container-core-columns-is-layout-9d6595d7 wp-block-columns-is-layout-flex\">\n<div class=\"wp-block-column is-layout-flow wp-block-column-is-layout-flow\">\n<figure class=\"wp-block-video\"><video height=\"1080\" style=\"aspect-ratio: 1920 \/ 1080;\" width=\"1920\" controls src=\"https:\/\/mariarigout.com\/wp-content\/uploads\/2025\/04\/Presentation-horizontale-Mots-doux-version6.mp4\"><\/video><\/figure>\n<\/div>\n<\/div>\n\n\n\n<div class=\"wp-block-comments\">\n\n\n\n<\/div>\n\n\n\n<div class=\"wp-block-columns is-layout-flex wp-container-core-columns-is-layout-9d6595d7 wp-block-columns-is-layout-flex\">\n<div class=\"wp-block-column is-layout-flow wp-block-column-is-layout-flow\">\n<figure class=\"wp-block-image size-full\"><img loading=\"lazy\" decoding=\"async\" width=\"1772\" height=\"1772\" src=\"https:\/\/mariarigout.com\/wp-content\/uploads\/2025\/03\/Couverture-mots-doux-suspendue.jpg\" alt=\"\" class=\"wp-image-194\" srcset=\"https:\/\/mariarigout.com\/wp-content\/uploads\/2025\/03\/Couverture-mots-doux-suspendue.jpg 1772w, https:\/\/mariarigout.com\/wp-content\/uploads\/2025\/03\/Couverture-mots-doux-suspendue-300x300.jpg 300w, https:\/\/mariarigout.com\/wp-content\/uploads\/2025\/03\/Couverture-mots-doux-suspendue-1024x1024.jpg 1024w, https:\/\/mariarigout.com\/wp-content\/uploads\/2025\/03\/Couverture-mots-doux-suspendue-150x150.jpg 150w, https:\/\/mariarigout.com\/wp-content\/uploads\/2025\/03\/Couverture-mots-doux-suspendue-768x768.jpg 768w, https:\/\/mariarigout.com\/wp-content\/uploads\/2025\/03\/Couverture-mots-doux-suspendue-1536x1536.jpg 1536w, https:\/\/mariarigout.com\/wp-content\/uploads\/2025\/03\/Couverture-mots-doux-suspendue-70x70.jpg 70w\" sizes=\"auto, (max-width: 1772px) 100vw, 1772px\" \/><\/figure>\n<\/div>\n\n\n\n<div class=\"wp-block-column is-layout-flow wp-block-column-is-layout-flow\">\n<p><\/p>\n\n\n\n<p>Vous pouvez d\u00e9sormais commander un \u00ab\u00a0livre suspendu\u00a0\u00bb.<\/p>\n\n\n\n<p>Vous l&rsquo;achetez, nous nous occupons de le distribuer \u00e0 des femmes en souffrance, par l&rsquo;interm\u00e9diaire d&rsquo;une association ou d&rsquo;une aum\u00f4nerie d&rsquo;h\u00f4pital ou de prison.<\/p>\n\n\n\n<div class=\"wp-block-buttons is-layout-flex wp-block-buttons-is-layout-flex\">\n<div class=\"wp-block-button\"><a class=\"wp-block-button__link wp-element-button\" href=\"https:\/\/mariarigout.sumupstore.com\/article\/livre-suspendu\"><strong><mark style=\"background-color:rgba(0, 0, 0, 0)\" class=\"has-inline-color has-white-color\">Offrir<\/mark><\/strong><\/a><\/div>\n<\/div>\n\n\n\n<p>NOUVEAU ! <strong>\u00ab\u00a0LIVRE SUSPENDU\u00a0\u00bb<\/strong><\/p>\n<\/div>\n<\/div>\n\n\n\n<div class=\"wp-block-columns is-layout-flex wp-container-core-columns-is-layout-9d6595d7 wp-block-columns-is-layout-flex\">\n<div class=\"wp-block-column is-layout-flow wp-block-column-is-layout-flow\"><\/div>\n\n\n\n<div class=\"wp-block-column is-layout-flow wp-block-column-is-layout-flow\"><\/div>\n<\/div>\n\n\n\n<p><\/p>\n","protected":false},"excerpt":{"rendered":"<p>Frais de port offerts avec Mondial Relay Les mots doux du Seigneur pour toi Vous pouvez d\u00e9sormais commander un \u00ab\u00a0livre suspendu\u00a0\u00bb. Vous l&rsquo;achetez, nous nous occupons de le distribuer \u00e0 des femmes en souffrance, par l&rsquo;interm\u00e9diaire d&rsquo;une association ou d&rsquo;une aum\u00f4nerie d&rsquo;h\u00f4pital ou de prison. &hellip; <\/p>\n","protected":false},"author":1,"featured_media":0,"parent":0,"menu_order":0,"comment_status":"open","ping_status":"closed","template":"","meta":{"footnotes":""},"class_list":["post-24","page","type-page","status-publish","hentry"],"_links":{"self":[{"href":"https:\/\/mariarigout.com\/index.php?rest_route=\/wp\/v2\/pages\/24","targetHints":{"allow":["GET"]}}],"collection":[{"href":"https:\/\/mariarigout.com\/index.php?rest_route=\/wp\/v2\/pages"}],"about":[{"href":"https:\/\/mariarigout.com\/index.php?rest_route=\/wp\/v2\/types\/page"}],"author":[{"embeddable":true,"href":"https:\/\/mariarigout.com\/index.php?rest_route=\/wp\/v2\/users\/1"}],"replies":[{"embeddable":true,"href":"https:\/\/mariarigout.com\/index.php?rest_route=%2Fwp%2Fv2%2Fcomments&post=24"}],"version-history":[{"count":90,"href":"https:\/\/mariarigout.com\/index.php?rest_route=\/wp\/v2\/pages\/24\/revisions"}],"predecessor-version":[{"id":258,"href":"https:\/\/mariarigout.com\/index.php?rest_route=\/wp\/v2\/pages\/24\/revisions\/258"}],"wp:attachment":[{"href":"https:\/\/mariarigout.com\/index.php?rest_route=%2Fwp%2Fv2%2Fmedia&parent=24"}],"curies":[{"name":"wp","href":"https:\/\/api.w.org\/{rel}","templated":true}]}}