{"id":220,"date":"2025-09-17T17:16:43","date_gmt":"2025-09-17T15:16:43","guid":{"rendered":"https:\/\/mariarigout.com\/?page_id=220"},"modified":"2025-11-04T16:58:44","modified_gmt":"2025-11-04T15:58:44","slug":"lautrice","status":"publish","type":"page","link":"https:\/\/mariarigout.com\/?page_id=220","title":{"rendered":"Qui suis-je"},"content":{"rendered":"\n<div class=\"wp-block-columns is-layout-flex wp-container-core-columns-is-layout-9d6595d7 wp-block-columns-is-layout-flex\">\n<div class=\"wp-block-column is-layout-flow wp-block-column-is-layout-flow\">\n<figure class=\"wp-block-image size-large\"><img loading=\"lazy\" decoding=\"async\" width=\"1024\" height=\"1024\" src=\"https:\/\/mariarigout.com\/wp-content\/uploads\/2025\/11\/Photo-Identite-sept-2024-1024x1024.jpg\" alt=\"\" class=\"wp-image-241\" srcset=\"https:\/\/mariarigout.com\/wp-content\/uploads\/2025\/11\/Photo-Identite-sept-2024-1024x1024.jpg 1024w, https:\/\/mariarigout.com\/wp-content\/uploads\/2025\/11\/Photo-Identite-sept-2024-300x300.jpg 300w, https:\/\/mariarigout.com\/wp-content\/uploads\/2025\/11\/Photo-Identite-sept-2024-150x150.jpg 150w, https:\/\/mariarigout.com\/wp-content\/uploads\/2025\/11\/Photo-Identite-sept-2024-768x768.jpg 768w, https:\/\/mariarigout.com\/wp-content\/uploads\/2025\/11\/Photo-Identite-sept-2024-1536x1536.jpg 1536w, https:\/\/mariarigout.com\/wp-content\/uploads\/2025\/11\/Photo-Identite-sept-2024-70x70.jpg 70w, https:\/\/mariarigout.com\/wp-content\/uploads\/2025\/11\/Photo-Identite-sept-2024.jpg 1571w\" sizes=\"auto, (max-width: 1024px) 100vw, 1024px\" \/><\/figure>\n<\/div>\n\n\n\n<div class=\"wp-block-column is-layout-flow wp-block-column-is-layout-flow\"><\/div>\n\n\n\n<div class=\"wp-block-column is-layout-flow wp-block-column-is-layout-flow\"><\/div>\n<\/div>\n\n\n\n<p>Je suis mari\u00e9e \u00e0 Olivier et nous vivons dans le Nord de la France.<\/p>\n\n\n\n<p>Professeur des \u00e9coles, j&rsquo;aime \u00eatre au contact des enfants et des parents. D\u00e8s 2004, j&rsquo;ai anim\u00e9 dans mon \u00e9glise locale un groupe de <strong>pri\u00e8re en famille<\/strong>, o\u00f9 j&rsquo;ai pu transmettre mon go\u00fbt de la pri\u00e8re par des moments ludiques, des chants gestu\u00e9s, et des temps d&rsquo;adoration adapt\u00e9s aux tout-petits.<\/p>\n\n\n\n<p>En 2017, j&rsquo;ai d\u00e9marr\u00e9 ma <a href=\"https:\/\/www.youtube.com\/@racontemoilabible\">cha\u00eene Youtube <strong><em>Raconte-moi la Bible<\/em><\/strong><\/a>, o\u00f9 je r\u00e9sume des r\u00e9cits bibliques avec des Playmobils. Mes vid\u00e9os ont pour but de rendre accessible la culture biblique en vulgarisant les r\u00e9cits de la Bible, et aussi d&rsquo;\u00eatre un outil pour tous ceux qui animent des groupes d&rsquo;enfants. \u00c0 cela se sont ensuite ajout\u00e9s les \u00ab\u00a0shorts\u00a0\u00bb, vid\u00e9os plus courtes o\u00f9 je propose des versets illustr\u00e9s.<\/p>\n\n\n\n<p>En 2024, j&rsquo;ai publi\u00e9 mon 1er livre <strong><em>Les mots doux du Seigneur pour toi<\/em><\/strong>, destin\u00e9 aux femmes, pour leur faire (re)d\u00e9couvrir la tendresse de Dieu pour elles, \u00e0 travers une s\u00e9lection de passages bibliques et une invitation \u00e0 la pri\u00e8re.<\/p>\n\n\n\n<p><\/p>\n","protected":false},"excerpt":{"rendered":"<p>Je suis mari\u00e9e \u00e0 Olivier et nous vivons dans le Nord de la France. Professeur des \u00e9coles, j&rsquo;aime \u00eatre au contact des enfants et des parents. D\u00e8s 2004, j&rsquo;ai anim\u00e9 dans mon \u00e9glise locale un groupe de pri\u00e8re en famille, o\u00f9 j&rsquo;ai pu transmettre mon &hellip; <\/p>\n","protected":false},"author":1,"featured_media":0,"parent":0,"menu_order":0,"comment_status":"closed","ping_status":"closed","template":"","meta":{"footnotes":""},"class_list":["post-220","page","type-page","status-publish","hentry"],"_links":{"self":[{"href":"https:\/\/mariarigout.com\/index.php?rest_route=\/wp\/v2\/pages\/220","targetHints":{"allow":["GET"]}}],"collection":[{"href":"https:\/\/mariarigout.com\/index.php?rest_route=\/wp\/v2\/pages"}],"about":[{"href":"https:\/\/mariarigout.com\/index.php?rest_route=\/wp\/v2\/types\/page"}],"author":[{"embeddable":true,"href":"https:\/\/mariarigout.com\/index.php?rest_route=\/wp\/v2\/users\/1"}],"replies":[{"embeddable":true,"href":"https:\/\/mariarigout.com\/index.php?rest_route=%2Fwp%2Fv2%2Fcomments&post=220"}],"version-history":[{"count":11,"href":"https:\/\/mariarigout.com\/index.php?rest_route=\/wp\/v2\/pages\/220\/revisions"}],"predecessor-version":[{"id":243,"href":"https:\/\/mariarigout.com\/index.php?rest_route=\/wp\/v2\/pages\/220\/revisions\/243"}],"wp:attachment":[{"href":"https:\/\/mariarigout.com\/index.php?rest_route=%2Fwp%2Fv2%2Fmedia&parent=220"}],"curies":[{"name":"wp","href":"https:\/\/api.w.org\/{rel}","templated":true}]}}